{"id":360,"date":"2018-11-20T09:00:38","date_gmt":"2018-11-20T08:00:38","guid":{"rendered":"http:\/\/localhost:8888\/cames\/\/?page_id=360"},"modified":"2024-06-10T14:58:19","modified_gmt":"2024-06-10T12:58:19","slug":"privacy-policy","status":"publish","type":"page","link":"https:\/\/www.deltarx.it\/?page_id=360","title":{"rendered":"Studio di radiologia Delta RX &#8211; Privacy policy"},"content":{"rendered":"<h2>PERCH\u00c9 QUESTE INFORMAZIONI<\/h2>\n<p>Ai sensi del Regolamento (UE) 2016\/679 (di seguito &#8220;Regolamento&#8221;), questa pagina descrive le modalit\u00e0 di trattamento dei dati personali degli utenti che consultano il sito web dello Studio di Radiologia Delta RX accessibile per via telematica al seguente indirizzo:<\/p>\n<p><b>www.deltarx.it<\/b><\/p>\n<p>Le presenti informazioni non riguardano altri siti, pagine o servizi online raggiungibili tramite link ipertestuali eventualmente pubblicati nei siti ma riferiti a risorse esterne al dominio della Societ\u00e0.<\/p>\n<h2>TITOLARE DEL TRATTAMENTO<\/h2>\n<p>A seguito della consultazione del sito sopraindicato possono essere trattati dati relativi a persone fisiche identificate o identificabili.<br \/>\nTitolare del trattamento \u00e8 lo <strong>Studio di radiologia Delta RX<\/strong>, e-mail: <a href=\"mailto:segreteria@deltarx.it\">segreteria@deltarx.it<\/a><\/p>\n<h2>RESPONSABILE DELLA PROTEZIONE DEI DATI<\/h2>\n<p>Il Responsabile della Protezione dei Dati (RPD) \u00e8 <b>Avv. <\/b><b>Elisa Tysserand<\/b>, email: <a href=\"mailto:ELISATYSSERAND@TISCALI.IT\" target=\"_blank\" rel=\"noopener\"><span class=\"il\">ELISATYSSERAND@TISCALI.IT<\/span><\/a>, PEC\u00a0<a href=\"mailto:ELISATYSSERAND@ORDINEAVVOCATIROMA.ORG\" target=\"_blank\" rel=\"noopener\">ELISATYSSERAND@<wbr \/>ORDINEAVVOCATIROMA.ORG<\/a><\/p>\n<h2>BASE GIURIDICA DEL TRATTAMENTO<\/h2>\n<p>I dati personali indicati in questa pagina sono trattati dallo Studio di radiologia Delta RX nell&#8217;esecuzione della propria attivit\u00e0 in ottemperanza agli obblighi imposti dal Regolamento (art. 57, par. 1, lett. b) e d), del Regolamento).<\/p>\n<h2>TIPI DI DATI TRATTATI E FINALIT\u00c0 DEL TRATTAMENTO<\/h2>\n<p>I dati che verranno raccolti, autonomamente o tramite terze parti, durante l\u2019attivit\u00e0 di navigazione possono essere cos\u00ec identificati: cookie, dati di utilizzo derivati dalla navigazione sul sito, nome, cognome e email (questi ultimi subordinati a un esplicito consenso).<\/p>\n<p>Durante la navigazione sul sito l&#8217;utente\/lettore potr\u00e0 fornire i dati in due modalit\u00e0:<\/p>\n<ul>\n<li><b>Automatizzata<\/b>: a) indirizzo internet protocol (IP); b) tipo di browser; c) parametri del dispositivo usato per connettersi al sito; c) internet service provider (ISP); data e orario di visita; pagina web di provenienza del visitatore e di uscita.<\/li>\n<li><b>Manuale<\/b>: moduli per contatti (nome e cognome e indirizzo email).<\/li>\n<\/ul>\n<p>Nel caso della modalit\u00e0 automatica i dati verranno utilizzati esclusivamente in forma aggregata a fini di statistica, l\u2019indirizzo IP non verr\u00e0 incrociato con nessun dato e verr\u00e0 utilizzato per motivi di sicurezza.<\/p>\n<p>Nel caso della modalit\u00e0 manuale i dati verranno utilizzati esclusivamente per erogare i servizi richiesti dagli utenti. Se non diversamente specificato, tutti i Dati richiesti devono essere considerati obbligatori poich\u00e9 se l\u2019Utente rifiuta di comunicarli, il servizio richiesto non potrebbe essere erogato.<\/p>\n<h2>1. DATI DI NAVIGAZIONE<\/h2>\n<p>Sono gli stessi protocolli informatici utilizzati per la comunicazione\/navigazione internet a richiedere l\u2019acquisizione, nel corso del loro normale esercizio, di alcuni dati: indirizzi IP, i nomi a dominio dei computer utilizzati dagli utenti che si connettono al Sito, orario della richiesta di contatto tra client \/ server, la tipologia di richiesta di contatto al server ed altri parametri relativi al sistema operativo utilizzato ed alle modalit\u00e0 di impostazione dei software coinvolti nella navigazione (come ad esempio il browser utilizzato) dell\u2019utente.<\/p>\n<p>Queste informazioni non sono raccolte per essere associate a persone o soggetti identificati ma sono utilizzate in forma anonima dall\u2019Editore al solo fine statistico per migliorare l\u2019utilizzazione del sito e per valutarne il corretto funzionamento.<\/p>\n<p>Inoltre, questi dati potrebbero essere utilizzati al fine di accertare la paternit\u00e0\/attribuzione\/riconducibilit\u00e0 di eventuali responsabilit\u00e0 in ipotesi di verifica di illeciti civili e penali da parte degli utenti\/lettori.<\/p>\n<h2>2. COOKIE<\/h2>\n<p>I cookie sono in concreto dei piccoli file di testo che il Sito invia al browser dell\u2019utente al fine di registrarli e renderli disponibili quando l\u2019utente accede nuovamente al sito. Navigando e utilizzando il sito pu\u00f2 generare diversi tipi di cookie:<\/p>\n<h3>2.1. COOKIE TECNICI C.D. \u201cESSENZIALI\u201d<\/h3>\n<p>Si tratta di cookie necessari allo stesso funzionamento del sito senza i quali la navigazione stessa sarebbe compromessa. Senza questi cookie essenziali non si possono fornire i servizi \u201cessenziali\u201d motivo per il quale gli utenti\/lettori volontariamente accedono al sito.<\/p>\n<h3>2.2. COOKIE TECNICI NECESSARI PER LE STATISTICHE<\/h3>\n<p>Attraverso questi cookie tecnici si riesce a comprendere il modo in cui gli utenti\/lettori utilizzano il sito anche al fine di privilegiare la produzione di contenuti che rispondono maggiormente ai loro interessi informativi (ad esempio, le pagine pi\u00f9 e meno viste, numero di visitatori, del tempo trascorso sul sito, come si arriva al sito \u2026). Viene messa in atto una procedura di anonimizzazione per impedire la memorizzazione delle informazioni relative agli indirizzi IP completi. Per questo motivo le predette informazioni sono anonime e non collegate ai dati personali dell\u2019utente\/lettore.<\/p>\n<h3>2.3. COOKIE PUBBLICITARI<\/h3>\n<p>Non vengono utilizzati cookie pubblicitari sul sito www.deltarx.it<\/p>\n<h2>3. DATI COMUNICATI DALL\u2019UTENTE<\/h2>\n<p>L&#8217;invio facoltativo, esplicito e volontario di messaggi agli indirizzi di contatto dello Studio di radiologia Delta RX, nonch\u00e9 la compilazione e l&#8217;inoltro dei moduli presenti sui siti della Societ\u00e0, comportano l&#8217;acquisizione dei dati di contatto del mittente, necessari a rispondere, nonch\u00e9 di tutti i dati personali inclusi nelle comunicazioni.<br \/>\nSpecifiche informative verranno pubblicate nelle pagine dei siti per l&#8217;erogazione di determinati servizi.<\/p>\n<h2>4. DESTINATARI DEI DATI<\/h2>\n<p>Sono destinatari dei dati raccolti a seguito della consultazione dei siti sopra elencati i seguenti soggetti:<br \/>\n<b>MGquadro SRL<\/b>, Via Piave, 80 \u2013 00187 Roma<br \/>\nI dati personali raccolti sono altres\u00ec trattati dal personale della Societ\u00e0, che agisce sulla base di specifiche istruzioni fornite in ordine a finalit\u00e0 e modalit\u00e0 del trattamento medesimo.<\/p>\n<h2>5. FACOLTATIVIT\u00c0 DEL CONFERIMENTO DEI DATI PERSONALI<\/h2>\n<p>A parte quanto specificato per i dati di navigazione, l&#8217;utente \u00e8 libero di fornire i dati personali riportati negli appositi moduli elettronici di richiesta, nelle sezioni del sito web predisposte per particolari servizi a richiesta. Si evidenzia peraltro che il loro mancato conferimento pu\u00f2 comportare l&#8217;impossibilit\u00e0 di ottenere quanto richiesto.<\/p>\n<h2>6. MODALIT\u00c0 DI TRATTAMENTO DEI DATI<\/h2>\n<p>I dati potranno essere trattati anche con l\u2019ausilio di strumenti elettronici ed informatici e saranno memorizzati su supporti informatici, supporti cartacei per il solo tempo strettamente necessario a conseguire gli scopi per cui sono stati raccolti. Specifiche misure di sicurezza sono osservate per prevenire la perdita dei dati, usi illeciti o non corretti ed accessi non autorizzati.<\/p>\n<h2>7. MINORI<\/h2>\n<p>La Societ\u00e0 non utilizza consapevolmente il proprio sito web per richiedere dati a minori di 16 anni.<\/p>\n<h2>8. PERIODO DI CONSERVAZIONE DEI DATI PERSONALI<\/h2>\n<p>I dati forniti verranno conservati per tutto il periodo necessario a conseguire l\u2019attivit\u00e0 esplicitata, salvo eventuale diversa richiesta da parte dell\u2019interessato che dovr\u00e0 essere comunicata alla sede della Societ\u00e0 o al Responsabile della protezione dei dati.<\/p>\n<h2>9. DIRITTI DEGLI INTERESSATI<\/h2>\n<p>In ogni momento, Lei potr\u00e0 esercitare, ai sensi degli articoli dal 15 al 22 del Regolamento UE n. 2016\/679, il diritto di: a) chiedere la conferma dell\u2019esistenza o meno di propri dati personali; b) ottenere le indicazioni circa le finalit\u00e0 del trattamento, le categorie dei dati personali, i destinatari o le categorie di destinatari a cui i dati personali sono stati o saranno comunicati e, quando possibile, il periodo di conservazione; c) ottenere la rettifica e la cancellazione dei dati; d) ottenere la limitazione del trattamento; e) ottenere la portabilit\u00e0 dei dati, ossia riceverli da un titolare del trattamento, in un formato strutturato, di uso comune e leggibile da dispositivo automatico, e trasmetterli ad un altro titolare del trattamento senza impedimenti; f) opporsi al trattamento in qualsiasi momento ed anche nel caso di trattamento per finalit\u00e0 di marketing diretto; g) opporsi ad un processo decisionale automatizzato relativo alle persone fisiche, compresa la profilazione; h) chiedere al titolare del trattamento l\u2019accesso ai dati personali e la rettifica o la cancellazione degli stessi o la limitazione del trattamento che lo riguardano o di opporsi al loro trattamento, oltre al diritto alla portabilit\u00e0 dei dati; i) revocare il consenso in qualsiasi momento senza pregiudicare la liceit\u00e0 del trattamento basata sul consenso prestato prima della revoca; j) proporre reclamo a un\u2019autorit\u00e0 di controllo.<\/p>\n<p>Le eventuali richieste vanno rivolte alla sede della societ\u00e0 oppure al Responsabile per la Protezione dei dati: <b>Avv. <\/b><b>Elisa Tysserand<\/b>, email: <a href=\"mailto:ELISATYSSERAND@TISCALI.IT\" target=\"_blank\" rel=\"noopener\"><span class=\"il\">ELISATYSSERAND@TISCALI.IT<\/span><\/a>, PEC\u00a0<a href=\"mailto:ELISATYSSERAND@ORDINEAVVOCATIROMA.ORG\" target=\"_blank\" rel=\"noopener\">ELISATYSSERAND@<wbr \/>ORDINEAVVOCATIROMA.ORG<\/a>\u00a0.<\/p>\n","protected":false},"excerpt":{"rendered":"<p>PERCH\u00c9 QUESTE INFORMAZIONI Ai sensi del Regolamento (UE) 2016\/679 (di seguito &#8220;Regolamento&#8221;), questa pagina descrive le modalit\u00e0 di trattamento dei dati personali degli utenti che consultano il sito web dello Studio di Radiologia Delta RX accessibile per via telematica al seguente indirizzo: www.deltarx.it Le presenti informazioni non riguardano altri siti, pagine o servizi online raggiungibili [&hellip;]<\/p>\n","protected":false},"author":1,"featured_media":0,"parent":0,"menu_order":0,"comment_status":"closed","ping_status":"closed","template":"","meta":[],"acf":[],"_links":{"self":[{"href":"https:\/\/www.deltarx.it\/index.php?rest_route=\/wp\/v2\/pages\/360"}],"collection":[{"href":"https:\/\/www.deltarx.it\/index.php?rest_route=\/wp\/v2\/pages"}],"about":[{"href":"https:\/\/www.deltarx.it\/index.php?rest_route=\/wp\/v2\/types\/page"}],"author":[{"embeddable":true,"href":"https:\/\/www.deltarx.it\/index.php?rest_route=\/wp\/v2\/users\/1"}],"replies":[{"embeddable":true,"href":"https:\/\/www.deltarx.it\/index.php?rest_route=%2Fwp%2Fv2%2Fcomments&post=360"}],"version-history":[{"count":9,"href":"https:\/\/www.deltarx.it\/index.php?rest_route=\/wp\/v2\/pages\/360\/revisions"}],"predecessor-version":[{"id":9155,"href":"https:\/\/www.deltarx.it\/index.php?rest_route=\/wp\/v2\/pages\/360\/revisions\/9155"}],"wp:attachment":[{"href":"https:\/\/www.deltarx.it\/index.php?rest_route=%2Fwp%2Fv2%2Fmedia&parent=360"}],"curies":[{"name":"wp","href":"https:\/\/api.w.org\/{rel}","templated":true}]}}